{"id":121,"date":"2025-10-05T17:41:53","date_gmt":"2025-10-05T15:41:53","guid":{"rendered":"https:\/\/lucainfante.xyz\/?page_id=121"},"modified":"2025-10-05T17:41:55","modified_gmt":"2025-10-05T15:41:55","slug":"por-que-este-blog","status":"publish","type":"page","link":"https:\/\/lucainfante.xyz\/?page_id=121&lang=es","title":{"rendered":"\u00bfPor qu\u00e9 este blog?"},"content":{"rendered":"\n<p>Este blog nace para contar el mundo a trav\u00e9s de mis ojos, simplemente como Luca. Aqu\u00ed comparto ideas, reflexiones y todo lo que captura mi atenci\u00f3n, sin filtros profesionales.<\/p>\n\n\n\n<p>Me gusta explorar las conexiones entre pensamientos aparentemente distantes, analizar los mecanismos que gu\u00edan nuestras elecciones y razonar sobre esa complejidad que a menudo preferimos evitar. Encontrar\u00e1s reflexiones que van desde lo cotidiano hasta lo filos\u00f3fico, siempre con el objetivo de estimular el pensamiento cr\u00edtico.<\/p>\n\n\n\n<p>Si tienes ganas de escribirme, cualquier sugerencia, solicitud o simple charla es siempre bienvenida siempre que sea constructiva y no spam.<\/p>\n\n\n\n<p>Una aclaraci\u00f3n importante: no encontrar\u00e1s contenidos relacionados con mi trabajo principal. Para eso, cuando no est\u00e9 cubierto por NDA, puedes consultar mi perfil de LinkedIn (disponible en la secci\u00f3n &#8220;Contactos&#8221;), donde siempre estoy disponible para cualquier necesidad profesional.<\/p>\n\n\n\n<p>Puede que ocasionalmente roce temas laborales, pero siempre como elemento secundario. El objetivo sigue siendo uno: hablar como Luca persona, no como Luca profesional.<\/p>\n\n\n\n<p>Bienvenidos a mi espacio de pensamiento.<\/p>\n","protected":false},"excerpt":{"rendered":"<p>Este blog nace para contar el mundo a trav\u00e9s de mis ojos, simplemente como Luca. Aqu\u00ed comparto ideas, reflexiones y [&hellip;]<\/p>\n","protected":false},"author":1,"featured_media":0,"parent":0,"menu_order":0,"comment_status":"closed","ping_status":"closed","template":"","meta":{"site-sidebar-layout":"default","site-content-layout":"","ast-site-content-layout":"default","site-content-style":"default","site-sidebar-style":"default","ast-global-header-display":"","ast-banner-title-visibility":"","ast-main-header-display":"","ast-hfb-above-header-display":"","ast-hfb-below-header-display":"","ast-hfb-mobile-header-display":"","site-post-title":"","ast-breadcrumbs-content":"","ast-featured-img":"","footer-sml-layout":"","theme-transparent-header-meta":"","adv-header-id-meta":"","stick-header-meta":"","header-above-stick-meta":"","header-main-stick-meta":"","header-below-stick-meta":"","astra-migrate-meta-layouts":"default","ast-page-background-enabled":"default","ast-page-background-meta":{"desktop":{"background-color":"var(--ast-global-color-5)","background-image":"","background-repeat":"repeat","background-position":"center center","background-size":"auto","background-attachment":"scroll","background-type":"","background-media":"","overlay-type":"","overlay-color":"","overlay-opacity":"","overlay-gradient":""},"tablet":{"background-color":"","background-image":"","background-repeat":"repeat","background-position":"center center","background-size":"auto","background-attachment":"scroll","background-type":"","background-media":"","overlay-type":"","overlay-color":"","overlay-opacity":"","overlay-gradient":""},"mobile":{"background-color":"","background-image":"","background-repeat":"repeat","background-position":"center center","background-size":"auto","background-attachment":"scroll","background-type":"","background-media":"","overlay-type":"","overlay-color":"","overlay-opacity":"","overlay-gradient":""}},"ast-content-background-meta":{"desktop":{"background-color":"var(--ast-global-color-4)","background-image":"","background-repeat":"repeat","background-position":"center center","background-size":"auto","background-attachment":"scroll","background-type":"","background-media":"","overlay-type":"","overlay-color":"","overlay-opacity":"","overlay-gradient":""},"tablet":{"background-color":"var(--ast-global-color-4)","background-image":"","background-repeat":"repeat","background-position":"center center","background-size":"auto","background-attachment":"scroll","background-type":"","background-media":"","overlay-type":"","overlay-color":"","overlay-opacity":"","overlay-gradient":""},"mobile":{"background-color":"var(--ast-global-color-4)","background-image":"","background-repeat":"repeat","background-position":"center center","background-size":"auto","background-attachment":"scroll","background-type":"","background-media":"","overlay-type":"","overlay-color":"","overlay-opacity":"","overlay-gradient":""}},"footnotes":""},"class_list":["post-121","page","type-page","status-publish","hentry"],"jetpack_sharing_enabled":true,"_links":{"self":[{"href":"https:\/\/lucainfante.xyz\/index.php?rest_route=\/wp\/v2\/pages\/121","targetHints":{"allow":["GET"]}}],"collection":[{"href":"https:\/\/lucainfante.xyz\/index.php?rest_route=\/wp\/v2\/pages"}],"about":[{"href":"https:\/\/lucainfante.xyz\/index.php?rest_route=\/wp\/v2\/types\/page"}],"author":[{"embeddable":true,"href":"https:\/\/lucainfante.xyz\/index.php?rest_route=\/wp\/v2\/users\/1"}],"replies":[{"embeddable":true,"href":"https:\/\/lucainfante.xyz\/index.php?rest_route=%2Fwp%2Fv2%2Fcomments&post=121"}],"version-history":[{"count":1,"href":"https:\/\/lucainfante.xyz\/index.php?rest_route=\/wp\/v2\/pages\/121\/revisions"}],"predecessor-version":[{"id":122,"href":"https:\/\/lucainfante.xyz\/index.php?rest_route=\/wp\/v2\/pages\/121\/revisions\/122"}],"wp:attachment":[{"href":"https:\/\/lucainfante.xyz\/index.php?rest_route=%2Fwp%2Fv2%2Fmedia&parent=121"}],"curies":[{"name":"wp","href":"https:\/\/api.w.org\/{rel}","templated":true}]}}